{"id":10,"date":"2021-01-21T09:27:59","date_gmt":"2021-01-21T14:27:59","guid":{"rendered":"https:\/\/jennifervienneau.com\/en\/?page_id=10"},"modified":"2025-09-23T21:56:43","modified_gmt":"2025-09-24T01:56:43","slug":"jennifer-vienneau","status":"publish","type":"page","link":"https:\/\/jennifervienneau.com\/fr\/a-propos\/jennifer-vienneau-2\/","title":{"rendered":"Jennifer Vienneau"},"content":{"rendered":"<p>Au cours de ses 18 ann\u00e9es en tant que courtier immobilier, Jennifer a \u00e9t\u00e9 laur\u00e9ate de l\u2019attestation de vendeur \u00e9m\u00e9rite \u00e0 de nombreuses reprises. Elle est membre de l\u2019Organisme d\u2019auto-r\u00e9glementation du courtage immobilier du Qu\u00e9bec (OACIQ) et de la Chambre immobili\u00e8re du Grand Montr\u00e9al (CIGM).<\/p>\n<p>Les ann\u00e9es d\u2019exp\u00e9rience dans l\u2019immobilier de Jennifer lui ont permis de d\u00e9velopper sa forte intuition et sa capacit\u00e9 d\u2019adaptation la rendant ainsi apte \u00e0 g\u00e9rer les situations les plus exigeantes avec habilet\u00e9, tact et discr\u00e9tion. Elle enchante toujours ses clients gr\u00e2ce \u00e0 ses efforts engag\u00e9s, ses connaissances, sa grande implication, ses ressources et son humour pour r\u00e9gler les probl\u00e8mes qui peuvent survenir lors d\u2019une transaction immobili\u00e8re.<\/p>\n<p>Ses clients et coll\u00e8gues savent qu\u2019ils peuvent compter sur elle pour faire preuve d\u2019un grand professionnalisme et de patience ainsi que pour offrir un service personnalis\u00e9 cl\u00e9 en main.Jennifer croit que le marketing efficace est la cl\u00e9 de son succ\u00e8s. Avec son \u00e9quipe, ils \u00e9laborent des strat\u00e9gies personnalis\u00e9es avant-gardistes pour les propri\u00e9t\u00e9s qu&rsquo;elle repr\u00e9sente combinant technologie de pointe, les m\u00e9dias imprim\u00e9s et les envois de cibles pour assurer une vente r\u00e9ussie. Jennifer s\u2019engage \u00e0 garder ses clients bien informer \u00e0 chaque \u00e9tape de la transaction c\u2019est-\u00e0-dire d\u00e8s la signature du contrat de courtage, de la mise en march\u00e9, la publicit\u00e9, les visites, l&rsquo;inspection jusqu\u2019\u00e0 la cl\u00f4ture de la vente chez le notaire mais \u00e9galement ensuite. Jennifer repr\u00e9sente des vendeurs autant pour des propri\u00e9t\u00e9s r\u00e9sidentielles que commerciales que des immeubles de placement sur la Rive Nord, Laval, Montr\u00e9al et les environs.<\/p>\n<p>N\u2019h\u00e9sitez surtout pas \u00e0 communiquer avec elle pour prendre un rendez-vous pour vendre, pour visiter ou tout simplement si vous avez besoin de renseignements sur l\u2019immobilier.<\/p>","protected":false},"excerpt":{"rendered":"<p>Au cours de ses 18 ann\u00e9es en tant que courtier immobilier, Jennifer a \u00e9t\u00e9 laur\u00e9ate de l\u2019attestation de vendeur \u00e9m\u00e9rite \u00e0 de nombreuses reprises. Elle est membre de l\u2019Organisme d\u2019auto-r\u00e9glementation du courtage immobilier du Qu\u00e9bec (OACIQ) et de la Chambre immobili\u00e8re du Grand Montr\u00e9al (CIGM). Les ann\u00e9es d\u2019exp\u00e9rience dans l\u2019immobilier de Jennifer lui ont permis [&hellip;]<\/p>\n","protected":false},"author":2,"featured_media":57,"parent":6,"menu_order":0,"comment_status":"closed","ping_status":"closed","template":"about.php","meta":{"_acf_changed":false,"footnotes":""},"class_list":["post-10","page","type-page","status-publish","has-post-thumbnail","hentry"],"acf":[],"yoast_head":"<!-- This site is optimized with the Yoast SEO plugin v26.9 - https:\/\/yoast.com\/product\/yoast-seo-wordpress\/ -->\n<title>Jennifer Vienneau - Jennifer Vienneau - Courtier immobilier<\/title>\n<meta name=\"description\" content=\"Au cours de ses 15 ann\u00e9es en tant que courtier immobilier, Jennifer a \u00e9t\u00e9 laur\u00e9ate de l\u2019attestation de vendeur \u00e9m\u00e9rite \u00e0 de nombreuses reprises. Elle est membre de l&#039;OACIQ et de la CIGM.\" \/>\n<meta name=\"robots\" content=\"index, follow, max-snippet:-1, max-image-preview:large, max-video-preview:-1\" \/>\n<link rel=\"canonical\" href=\"https:\/\/jennifervienneau.com\/fr\/about\/jennifer-vienneau-2\/\" \/>\n<meta property=\"og:locale\" content=\"fr_FR\" \/>\n<meta property=\"og:type\" content=\"article\" \/>\n<meta property=\"og:title\" content=\"Jennifer Vienneau - Jennifer Vienneau - Courtier immobilier\" \/>\n<meta property=\"og:description\" content=\"Au cours de ses 15 ann\u00e9es en tant que courtier immobilier, Jennifer a \u00e9t\u00e9 laur\u00e9ate de l\u2019attestation de vendeur \u00e9m\u00e9rite \u00e0 de nombreuses reprises. Elle est membre de l&#039;OACIQ et de la CIGM.\" \/>\n<meta property=\"og:url\" content=\"https:\/\/jennifervienneau.com\/fr\/about\/jennifer-vienneau-2\/\" \/>\n<meta property=\"og:site_name\" content=\"Jennifer Vienneau - Courtier immobilier\" \/>\n<meta property=\"article:modified_time\" content=\"2025-09-24T01:56:43+00:00\" \/>\n<meta property=\"og:image\" content=\"https:\/\/jennifervienneau.com\/wp-content\/uploads\/2021\/02\/bg-01-1920x795-2.jpg\" \/>\n\t<meta property=\"og:image:width\" content=\"1920\" \/>\n\t<meta property=\"og:image:height\" content=\"795\" \/>\n\t<meta property=\"og:image:type\" content=\"image\/jpeg\" \/>\n<meta name=\"twitter:card\" content=\"summary_large_image\" \/>\n<meta name=\"twitter:label1\" content=\"Dur\u00e9e de lecture estim\u00e9e\" \/>\n\t<meta name=\"twitter:data1\" content=\"2 minutes\" \/>\n<script type=\"application\/ld+json\" class=\"yoast-schema-graph\">{\"@context\":\"https:\/\/schema.org\",\"@graph\":[{\"@type\":\"WebPage\",\"@id\":\"https:\/\/jennifervienneau.com\/fr\/about\/jennifer-vienneau-2\/\",\"url\":\"https:\/\/jennifervienneau.com\/fr\/about\/jennifer-vienneau-2\/\",\"name\":\"Jennifer Vienneau - Jennifer Vienneau - Courtier immobilier\",\"isPartOf\":{\"@id\":\"https:\/\/jennifervienneau.com\/fr\/#website\"},\"primaryImageOfPage\":{\"@id\":\"https:\/\/jennifervienneau.com\/fr\/about\/jennifer-vienneau-2\/#primaryimage\"},\"image\":{\"@id\":\"https:\/\/jennifervienneau.com\/en\/about\/jennifer-vienneau-2\/#primaryimage\"},\"thumbnailUrl\":\"https:\/\/jennifervienneau.com\/wp-content\/uploads\/2021\/02\/bg-01-1920x795-2.jpg\",\"datePublished\":\"2021-01-21T14:27:59+00:00\",\"dateModified\":\"2025-09-24T01:56:43+00:00\",\"description\":\"Au cours de ses 15 ann\u00e9es en tant que courtier immobilier, Jennifer a \u00e9t\u00e9 laur\u00e9ate de l\u2019attestation de vendeur \u00e9m\u00e9rite \u00e0 de nombreuses reprises. Elle est membre de l'OACIQ et de la CIGM.\",\"breadcrumb\":{\"@id\":\"https:\/\/jennifervienneau.com\/fr\/about\/jennifer-vienneau-2\/#breadcrumb\"},\"inLanguage\":\"fr-FR\",\"potentialAction\":[{\"@type\":\"ReadAction\",\"target\":[[\"https:\/\/jennifervienneau.com\/fr\/about\/jennifer-vienneau-2\/\"]]}]},{\"@type\":\"ImageObject\",\"inLanguage\":\"fr-FR\",\"@id\":\"https:\/\/jennifervienneau.com\/fr\/about\/jennifer-vienneau-2\/#primaryimage\",\"url\":\"https:\/\/jennifervienneau.com\/wp-content\/uploads\/2021\/02\/bg-01-1920x795-2.jpg\",\"contentUrl\":\"https:\/\/jennifervienneau.com\/wp-content\/uploads\/2021\/02\/bg-01-1920x795-2.jpg\",\"width\":1920,\"height\":795},{\"@type\":\"BreadcrumbList\",\"@id\":\"https:\/\/jennifervienneau.com\/fr\/about\/jennifer-vienneau-2\/#breadcrumb\",\"itemListElement\":[{\"@type\":\"ListItem\",\"position\":1,\"name\":\"About\",\"item\":\"https:\/\/jennifervienneau.com\/fr\/about\/\"},{\"@type\":\"ListItem\",\"position\":2,\"name\":\"Jennifer Vienneau\"}]},{\"@type\":\"WebSite\",\"@id\":\"https:\/\/jennifervienneau.com\/fr\/#website\",\"url\":\"https:\/\/jennifervienneau.com\/fr\/\",\"name\":\"Jennifer Vienneau - Courtier immobilier\",\"description\":\"\",\"potentialAction\":[{\"@type\":\"SearchAction\",\"target\":{\"@type\":\"EntryPoint\",\"urlTemplate\":\"https:\/\/jennifervienneau.com\/fr\/?s={search_term_string}\"},\"query-input\":{\"@type\":\"PropertyValueSpecification\",\"valueRequired\":true,\"valueName\":\"search_term_string\"}}],\"inLanguage\":\"fr-FR\"}]}<\/script>\n<!-- \/ Yoast SEO plugin. -->","yoast_head_json":{"title":"Jennifer Vienneau - Jennifer Vienneau - Courtier immobilier","description":"Au cours de ses 15 ann\u00e9es en tant que courtier immobilier, Jennifer a \u00e9t\u00e9 laur\u00e9ate de l\u2019attestation de vendeur \u00e9m\u00e9rite \u00e0 de nombreuses reprises. Elle est membre de l'OACIQ et de la CIGM.","robots":{"index":"index","follow":"follow","max-snippet":"max-snippet:-1","max-image-preview":"max-image-preview:large","max-video-preview":"max-video-preview:-1"},"canonical":"https:\/\/jennifervienneau.com\/fr\/about\/jennifer-vienneau-2\/","og_locale":"fr_FR","og_type":"article","og_title":"Jennifer Vienneau - Jennifer Vienneau - Courtier immobilier","og_description":"Au cours de ses 15 ann\u00e9es en tant que courtier immobilier, Jennifer a \u00e9t\u00e9 laur\u00e9ate de l\u2019attestation de vendeur \u00e9m\u00e9rite \u00e0 de nombreuses reprises. Elle est membre de l'OACIQ et de la CIGM.","og_url":"https:\/\/jennifervienneau.com\/fr\/about\/jennifer-vienneau-2\/","og_site_name":"Jennifer Vienneau - Courtier immobilier","article_modified_time":"2025-09-24T01:56:43+00:00","og_image":[{"width":1920,"height":795,"url":"https:\/\/jennifervienneau.com\/wp-content\/uploads\/2021\/02\/bg-01-1920x795-2.jpg","type":"image\/jpeg"}],"twitter_card":"summary_large_image","twitter_misc":{"Dur\u00e9e de lecture estim\u00e9e":"2 minutes"},"schema":{"@context":"https:\/\/schema.org","@graph":[{"@type":"WebPage","@id":"https:\/\/jennifervienneau.com\/fr\/about\/jennifer-vienneau-2\/","url":"https:\/\/jennifervienneau.com\/fr\/about\/jennifer-vienneau-2\/","name":"Jennifer Vienneau - Jennifer Vienneau - Courtier immobilier","isPartOf":{"@id":"https:\/\/jennifervienneau.com\/fr\/#website"},"primaryImageOfPage":{"@id":"https:\/\/jennifervienneau.com\/fr\/about\/jennifer-vienneau-2\/#primaryimage"},"image":{"@id":"https:\/\/jennifervienneau.com\/en\/about\/jennifer-vienneau-2\/#primaryimage"},"thumbnailUrl":"https:\/\/jennifervienneau.com\/wp-content\/uploads\/2021\/02\/bg-01-1920x795-2.jpg","datePublished":"2021-01-21T14:27:59+00:00","dateModified":"2025-09-24T01:56:43+00:00","description":"Au cours de ses 15 ann\u00e9es en tant que courtier immobilier, Jennifer a \u00e9t\u00e9 laur\u00e9ate de l\u2019attestation de vendeur \u00e9m\u00e9rite \u00e0 de nombreuses reprises. Elle est membre de l'OACIQ et de la CIGM.","breadcrumb":{"@id":"https:\/\/jennifervienneau.com\/fr\/about\/jennifer-vienneau-2\/#breadcrumb"},"inLanguage":"fr-FR","potentialAction":[{"@type":"ReadAction","target":[["https:\/\/jennifervienneau.com\/fr\/about\/jennifer-vienneau-2\/"]]}]},{"@type":"ImageObject","inLanguage":"fr-FR","@id":"https:\/\/jennifervienneau.com\/fr\/about\/jennifer-vienneau-2\/#primaryimage","url":"https:\/\/jennifervienneau.com\/wp-content\/uploads\/2021\/02\/bg-01-1920x795-2.jpg","contentUrl":"https:\/\/jennifervienneau.com\/wp-content\/uploads\/2021\/02\/bg-01-1920x795-2.jpg","width":1920,"height":795},{"@type":"BreadcrumbList","@id":"https:\/\/jennifervienneau.com\/fr\/about\/jennifer-vienneau-2\/#breadcrumb","itemListElement":[{"@type":"ListItem","position":1,"name":"About","item":"https:\/\/jennifervienneau.com\/fr\/about\/"},{"@type":"ListItem","position":2,"name":"Jennifer Vienneau"}]},{"@type":"WebSite","@id":"https:\/\/jennifervienneau.com\/fr\/#website","url":"https:\/\/jennifervienneau.com\/fr\/","name":"Jennifer Vienneau - Courtier immobilier","description":"","potentialAction":[{"@type":"SearchAction","target":{"@type":"EntryPoint","urlTemplate":"https:\/\/jennifervienneau.com\/fr\/?s={search_term_string}"},"query-input":{"@type":"PropertyValueSpecification","valueRequired":true,"valueName":"search_term_string"}}],"inLanguage":"fr-FR"}]}},"_links":{"self":[{"href":"https:\/\/jennifervienneau.com\/fr\/wp-json\/wp\/v2\/pages\/10","targetHints":{"allow":["GET"]}}],"collection":[{"href":"https:\/\/jennifervienneau.com\/fr\/wp-json\/wp\/v2\/pages"}],"about":[{"href":"https:\/\/jennifervienneau.com\/fr\/wp-json\/wp\/v2\/types\/page"}],"author":[{"embeddable":true,"href":"https:\/\/jennifervienneau.com\/fr\/wp-json\/wp\/v2\/users\/2"}],"replies":[{"embeddable":true,"href":"https:\/\/jennifervienneau.com\/fr\/wp-json\/wp\/v2\/comments?post=10"}],"version-history":[{"count":20,"href":"https:\/\/jennifervienneau.com\/fr\/wp-json\/wp\/v2\/pages\/10\/revisions"}],"predecessor-version":[{"id":320,"href":"https:\/\/jennifervienneau.com\/fr\/wp-json\/wp\/v2\/pages\/10\/revisions\/320"}],"up":[{"embeddable":true,"href":"https:\/\/jennifervienneau.com\/fr\/wp-json\/wp\/v2\/pages\/6"}],"wp:featuredmedia":[{"embeddable":true,"href":"https:\/\/jennifervienneau.com\/fr\/wp-json\/wp\/v2\/media\/57"}],"wp:attachment":[{"href":"https:\/\/jennifervienneau.com\/fr\/wp-json\/wp\/v2\/media?parent=10"}],"curies":[{"name":"wp","href":"https:\/\/api.w.org\/{rel}","templated":true}]}}