{"id":133,"date":"2021-02-10T20:42:58","date_gmt":"2021-02-11T01:42:58","guid":{"rendered":"https:\/\/jennifervienneau.com\/en\/?page_id=133"},"modified":"2023-05-25T21:27:08","modified_gmt":"2023-05-26T01:27:08","slug":"extraordinary-marketing","status":"publish","type":"page","link":"https:\/\/jennifervienneau.com\/fr\/marketing-dexcellence\/","title":{"rendered":"Marketing d\u2019excellence"},"content":{"rendered":"<p>Lorsque votre bien est repr\u00e9sent\u00e9 par Sotheby\u2019s International Realty Canada, il b\u00e9n\u00e9ficie d\u2019une reconnaissance mondiale et du prestige de la marque Sotheby\u2019s et obtient l\u2019acc\u00e8s \u00e0 une plateforme marketing internationale unique. D\u00e9couvrez de quelle fa\u00e7on notre vaste r\u00e9seau m\u00e9dia et la position de notre marque optimisent le b\u00e9n\u00e9fice potentiel de la vente de votre bien.<\/p>","protected":false},"excerpt":{"rendered":"<p>Lorsque votre bien est repr\u00e9sent\u00e9 par Sotheby\u2019s International Realty Canada, il b\u00e9n\u00e9ficie d\u2019une reconnaissance mondiale et du prestige de la marque Sotheby\u2019s et obtient l\u2019acc\u00e8s \u00e0 une plateforme marketing internationale unique. D\u00e9couvrez de quelle fa\u00e7on notre vaste r\u00e9seau m\u00e9dia et la position de notre marque optimisent le b\u00e9n\u00e9fice potentiel de la vente de votre bien.<\/p>\n","protected":false},"author":2,"featured_media":0,"parent":0,"menu_order":0,"comment_status":"closed","ping_status":"closed","template":"marketing.php","meta":{"_acf_changed":false,"footnotes":""},"class_list":["post-133","page","type-page","status-publish","hentry"],"acf":[],"yoast_head":"<!-- This site is optimized with the Yoast SEO plugin v26.9 - https:\/\/yoast.com\/product\/yoast-seo-wordpress\/ -->\n<title>Marketing d\u2019excellence - Jennifer Vienneau - Courtier immobilier<\/title>\n<meta name=\"robots\" content=\"index, follow, max-snippet:-1, max-image-preview:large, max-video-preview:-1\" \/>\n<link rel=\"canonical\" href=\"https:\/\/jennifervienneau.com\/fr\/extraordinary-marketing\/\" \/>\n<meta property=\"og:locale\" content=\"fr_FR\" \/>\n<meta property=\"og:type\" content=\"article\" \/>\n<meta property=\"og:title\" content=\"Marketing d\u2019excellence - Jennifer Vienneau - Courtier immobilier\" \/>\n<meta property=\"og:description\" content=\"Lorsque votre bien est repr\u00e9sent\u00e9 par Sotheby\u2019s International Realty Canada, il b\u00e9n\u00e9ficie d\u2019une reconnaissance mondiale et du prestige de la marque Sotheby\u2019s et obtient l\u2019acc\u00e8s \u00e0 une plateforme marketing internationale unique. D\u00e9couvrez de quelle fa\u00e7on notre vaste r\u00e9seau m\u00e9dia et la position de notre marque optimisent le b\u00e9n\u00e9fice potentiel de la vente de votre bien.\" \/>\n<meta property=\"og:url\" content=\"https:\/\/jennifervienneau.com\/fr\/extraordinary-marketing\/\" \/>\n<meta property=\"og:site_name\" content=\"Jennifer Vienneau - Courtier immobilier\" \/>\n<meta property=\"article:modified_time\" content=\"2023-05-26T01:27:08+00:00\" \/>\n<meta name=\"twitter:card\" content=\"summary_large_image\" \/>\n<meta name=\"twitter:label1\" content=\"Dur\u00e9e de lecture estim\u00e9e\" \/>\n\t<meta name=\"twitter:data1\" content=\"1 minute\" \/>\n<script type=\"application\/ld+json\" class=\"yoast-schema-graph\">{\"@context\":\"https:\/\/schema.org\",\"@graph\":[{\"@type\":\"WebPage\",\"@id\":\"https:\/\/jennifervienneau.com\/fr\/extraordinary-marketing\/\",\"url\":\"https:\/\/jennifervienneau.com\/fr\/extraordinary-marketing\/\",\"name\":\"Marketing d\u2019excellence - Jennifer Vienneau - Courtier immobilier\",\"isPartOf\":{\"@id\":\"https:\/\/jennifervienneau.com\/fr\/#website\"},\"datePublished\":\"2021-02-11T01:42:58+00:00\",\"dateModified\":\"2023-05-26T01:27:08+00:00\",\"inLanguage\":\"fr-FR\",\"potentialAction\":[{\"@type\":\"ReadAction\",\"target\":[[\"https:\/\/jennifervienneau.com\/fr\/extraordinary-marketing\/\"]]}]},{\"@type\":\"WebSite\",\"@id\":\"https:\/\/jennifervienneau.com\/fr\/#website\",\"url\":\"https:\/\/jennifervienneau.com\/fr\/\",\"name\":\"Jennifer Vienneau - Courtier immobilier\",\"description\":\"\",\"potentialAction\":[{\"@type\":\"SearchAction\",\"target\":{\"@type\":\"EntryPoint\",\"urlTemplate\":\"https:\/\/jennifervienneau.com\/fr\/?s={search_term_string}\"},\"query-input\":{\"@type\":\"PropertyValueSpecification\",\"valueRequired\":true,\"valueName\":\"search_term_string\"}}],\"inLanguage\":\"fr-FR\"}]}<\/script>\n<!-- \/ Yoast SEO plugin. -->","yoast_head_json":{"title":"Marketing d\u2019excellence - Jennifer Vienneau - Courtier immobilier","robots":{"index":"index","follow":"follow","max-snippet":"max-snippet:-1","max-image-preview":"max-image-preview:large","max-video-preview":"max-video-preview:-1"},"canonical":"https:\/\/jennifervienneau.com\/fr\/extraordinary-marketing\/","og_locale":"fr_FR","og_type":"article","og_title":"Marketing d\u2019excellence - Jennifer Vienneau - Courtier immobilier","og_description":"Lorsque votre bien est repr\u00e9sent\u00e9 par Sotheby\u2019s International Realty Canada, il b\u00e9n\u00e9ficie d\u2019une reconnaissance mondiale et du prestige de la marque Sotheby\u2019s et obtient l\u2019acc\u00e8s \u00e0 une plateforme marketing internationale unique. D\u00e9couvrez de quelle fa\u00e7on notre vaste r\u00e9seau m\u00e9dia et la position de notre marque optimisent le b\u00e9n\u00e9fice potentiel de la vente de votre bien.","og_url":"https:\/\/jennifervienneau.com\/fr\/extraordinary-marketing\/","og_site_name":"Jennifer Vienneau - Courtier immobilier","article_modified_time":"2023-05-26T01:27:08+00:00","twitter_card":"summary_large_image","twitter_misc":{"Dur\u00e9e de lecture estim\u00e9e":"1 minute"},"schema":{"@context":"https:\/\/schema.org","@graph":[{"@type":"WebPage","@id":"https:\/\/jennifervienneau.com\/fr\/extraordinary-marketing\/","url":"https:\/\/jennifervienneau.com\/fr\/extraordinary-marketing\/","name":"Marketing d\u2019excellence - Jennifer Vienneau - Courtier immobilier","isPartOf":{"@id":"https:\/\/jennifervienneau.com\/fr\/#website"},"datePublished":"2021-02-11T01:42:58+00:00","dateModified":"2023-05-26T01:27:08+00:00","inLanguage":"fr-FR","potentialAction":[{"@type":"ReadAction","target":[["https:\/\/jennifervienneau.com\/fr\/extraordinary-marketing\/"]]}]},{"@type":"WebSite","@id":"https:\/\/jennifervienneau.com\/fr\/#website","url":"https:\/\/jennifervienneau.com\/fr\/","name":"Jennifer Vienneau - Courtier immobilier","description":"","potentialAction":[{"@type":"SearchAction","target":{"@type":"EntryPoint","urlTemplate":"https:\/\/jennifervienneau.com\/fr\/?s={search_term_string}"},"query-input":{"@type":"PropertyValueSpecification","valueRequired":true,"valueName":"search_term_string"}}],"inLanguage":"fr-FR"}]}},"_links":{"self":[{"href":"https:\/\/jennifervienneau.com\/fr\/wp-json\/wp\/v2\/pages\/133","targetHints":{"allow":["GET"]}}],"collection":[{"href":"https:\/\/jennifervienneau.com\/fr\/wp-json\/wp\/v2\/pages"}],"about":[{"href":"https:\/\/jennifervienneau.com\/fr\/wp-json\/wp\/v2\/types\/page"}],"author":[{"embeddable":true,"href":"https:\/\/jennifervienneau.com\/fr\/wp-json\/wp\/v2\/users\/2"}],"replies":[{"embeddable":true,"href":"https:\/\/jennifervienneau.com\/fr\/wp-json\/wp\/v2\/comments?post=133"}],"version-history":[{"count":1,"href":"https:\/\/jennifervienneau.com\/fr\/wp-json\/wp\/v2\/pages\/133\/revisions"}],"predecessor-version":[{"id":134,"href":"https:\/\/jennifervienneau.com\/fr\/wp-json\/wp\/v2\/pages\/133\/revisions\/134"}],"wp:attachment":[{"href":"https:\/\/jennifervienneau.com\/fr\/wp-json\/wp\/v2\/media?parent=133"}],"curies":[{"name":"wp","href":"https:\/\/api.w.org\/{rel}","templated":true}]}}