{"id":136,"date":"2021-02-10T20:45:12","date_gmt":"2021-02-11T01:45:12","guid":{"rendered":"https:\/\/jennifervienneau.com\/en\/?page_id=136"},"modified":"2023-05-25T21:27:00","modified_gmt":"2023-05-26T01:27:00","slug":"buyers","status":"publish","type":"page","link":"https:\/\/jennifervienneau.com\/fr\/acheteurs\/","title":{"rendered":"Acheteurs"},"content":{"rendered":"<p>Seul un expert peut vous aider \u00e0 cr\u00e9er plus de valeur \u00e0 partir de l\u2019achat de votre propri\u00e9t\u00e9. Nous veillons \u00e0 ce que la propri\u00e9t\u00e9 que vous achetez contribue \u00e0 votre s\u00e9curit\u00e9 financi\u00e8re et au mode de vie auquel vous aspirez.<\/p>","protected":false},"excerpt":{"rendered":"<p>Seul un expert peut vous aider \u00e0 cr\u00e9er plus de valeur \u00e0 partir de l\u2019achat de votre propri\u00e9t\u00e9. Nous veillons \u00e0 ce que la propri\u00e9t\u00e9 que vous achetez contribue \u00e0 votre s\u00e9curit\u00e9 financi\u00e8re et au mode de vie auquel vous aspirez.<\/p>\n","protected":false},"author":2,"featured_media":0,"parent":0,"menu_order":0,"comment_status":"closed","ping_status":"closed","template":"buyers.php","meta":{"_acf_changed":false,"footnotes":""},"class_list":["post-136","page","type-page","status-publish","hentry"],"acf":[],"yoast_head":"<!-- This site is optimized with the Yoast SEO plugin v26.9 - https:\/\/yoast.com\/product\/yoast-seo-wordpress\/ -->\n<title>Acheteurs - Jennifer Vienneau - Courtier immobilier<\/title>\n<meta name=\"robots\" content=\"index, follow, max-snippet:-1, max-image-preview:large, max-video-preview:-1\" \/>\n<link rel=\"canonical\" href=\"https:\/\/jennifervienneau.com\/fr\/buyers\/\" \/>\n<meta property=\"og:locale\" content=\"fr_FR\" \/>\n<meta property=\"og:type\" content=\"article\" \/>\n<meta property=\"og:title\" content=\"Acheteurs - Jennifer Vienneau - Courtier immobilier\" \/>\n<meta property=\"og:description\" content=\"Seul un expert peut vous aider \u00e0 cr\u00e9er plus de valeur \u00e0 partir de l\u2019achat de votre propri\u00e9t\u00e9. Nous veillons \u00e0 ce que la propri\u00e9t\u00e9 que vous achetez contribue \u00e0 votre s\u00e9curit\u00e9 financi\u00e8re et au mode de vie auquel vous aspirez.\" \/>\n<meta property=\"og:url\" content=\"https:\/\/jennifervienneau.com\/fr\/buyers\/\" \/>\n<meta property=\"og:site_name\" content=\"Jennifer Vienneau - Courtier immobilier\" \/>\n<meta property=\"article:modified_time\" content=\"2023-05-26T01:27:00+00:00\" \/>\n<meta name=\"twitter:card\" content=\"summary_large_image\" \/>\n<script type=\"application\/ld+json\" class=\"yoast-schema-graph\">{\"@context\":\"https:\/\/schema.org\",\"@graph\":[{\"@type\":\"WebPage\",\"@id\":\"https:\/\/jennifervienneau.com\/fr\/buyers\/\",\"url\":\"https:\/\/jennifervienneau.com\/fr\/buyers\/\",\"name\":\"Acheteurs - Jennifer Vienneau - Courtier immobilier\",\"isPartOf\":{\"@id\":\"https:\/\/jennifervienneau.com\/fr\/#website\"},\"datePublished\":\"2021-02-11T01:45:12+00:00\",\"dateModified\":\"2023-05-26T01:27:00+00:00\",\"inLanguage\":\"fr-FR\",\"potentialAction\":[{\"@type\":\"ReadAction\",\"target\":[[\"https:\/\/jennifervienneau.com\/fr\/buyers\/\"]]}]},{\"@type\":\"WebSite\",\"@id\":\"https:\/\/jennifervienneau.com\/fr\/#website\",\"url\":\"https:\/\/jennifervienneau.com\/fr\/\",\"name\":\"Jennifer Vienneau - Courtier immobilier\",\"description\":\"\",\"potentialAction\":[{\"@type\":\"SearchAction\",\"target\":{\"@type\":\"EntryPoint\",\"urlTemplate\":\"https:\/\/jennifervienneau.com\/fr\/?s={search_term_string}\"},\"query-input\":{\"@type\":\"PropertyValueSpecification\",\"valueRequired\":true,\"valueName\":\"search_term_string\"}}],\"inLanguage\":\"fr-FR\"}]}<\/script>\n<!-- \/ Yoast SEO plugin. -->","yoast_head_json":{"title":"Acheteurs - Jennifer Vienneau - Courtier immobilier","robots":{"index":"index","follow":"follow","max-snippet":"max-snippet:-1","max-image-preview":"max-image-preview:large","max-video-preview":"max-video-preview:-1"},"canonical":"https:\/\/jennifervienneau.com\/fr\/buyers\/","og_locale":"fr_FR","og_type":"article","og_title":"Acheteurs - Jennifer Vienneau - Courtier immobilier","og_description":"Seul un expert peut vous aider \u00e0 cr\u00e9er plus de valeur \u00e0 partir de l\u2019achat de votre propri\u00e9t\u00e9. Nous veillons \u00e0 ce que la propri\u00e9t\u00e9 que vous achetez contribue \u00e0 votre s\u00e9curit\u00e9 financi\u00e8re et au mode de vie auquel vous aspirez.","og_url":"https:\/\/jennifervienneau.com\/fr\/buyers\/","og_site_name":"Jennifer Vienneau - Courtier immobilier","article_modified_time":"2023-05-26T01:27:00+00:00","twitter_card":"summary_large_image","schema":{"@context":"https:\/\/schema.org","@graph":[{"@type":"WebPage","@id":"https:\/\/jennifervienneau.com\/fr\/buyers\/","url":"https:\/\/jennifervienneau.com\/fr\/buyers\/","name":"Acheteurs - Jennifer Vienneau - Courtier immobilier","isPartOf":{"@id":"https:\/\/jennifervienneau.com\/fr\/#website"},"datePublished":"2021-02-11T01:45:12+00:00","dateModified":"2023-05-26T01:27:00+00:00","inLanguage":"fr-FR","potentialAction":[{"@type":"ReadAction","target":[["https:\/\/jennifervienneau.com\/fr\/buyers\/"]]}]},{"@type":"WebSite","@id":"https:\/\/jennifervienneau.com\/fr\/#website","url":"https:\/\/jennifervienneau.com\/fr\/","name":"Jennifer Vienneau - Courtier immobilier","description":"","potentialAction":[{"@type":"SearchAction","target":{"@type":"EntryPoint","urlTemplate":"https:\/\/jennifervienneau.com\/fr\/?s={search_term_string}"},"query-input":{"@type":"PropertyValueSpecification","valueRequired":true,"valueName":"search_term_string"}}],"inLanguage":"fr-FR"}]}},"_links":{"self":[{"href":"https:\/\/jennifervienneau.com\/fr\/wp-json\/wp\/v2\/pages\/136","targetHints":{"allow":["GET"]}}],"collection":[{"href":"https:\/\/jennifervienneau.com\/fr\/wp-json\/wp\/v2\/pages"}],"about":[{"href":"https:\/\/jennifervienneau.com\/fr\/wp-json\/wp\/v2\/types\/page"}],"author":[{"embeddable":true,"href":"https:\/\/jennifervienneau.com\/fr\/wp-json\/wp\/v2\/users\/2"}],"replies":[{"embeddable":true,"href":"https:\/\/jennifervienneau.com\/fr\/wp-json\/wp\/v2\/comments?post=136"}],"version-history":[{"count":1,"href":"https:\/\/jennifervienneau.com\/fr\/wp-json\/wp\/v2\/pages\/136\/revisions"}],"predecessor-version":[{"id":137,"href":"https:\/\/jennifervienneau.com\/fr\/wp-json\/wp\/v2\/pages\/136\/revisions\/137"}],"wp:attachment":[{"href":"https:\/\/jennifervienneau.com\/fr\/wp-json\/wp\/v2\/media?parent=136"}],"curies":[{"name":"wp","href":"https:\/\/api.w.org\/{rel}","templated":true}]}}