{"id":138,"date":"2021-02-10T20:46:31","date_gmt":"2021-02-11T01:46:31","guid":{"rendered":"https:\/\/jennifervienneau.com\/en\/?page_id=138"},"modified":"2023-05-25T21:26:52","modified_gmt":"2023-05-26T01:26:52","slug":"sellers","status":"publish","type":"page","link":"https:\/\/jennifervienneau.com\/fr\/vendeurs\/","title":{"rendered":"Vendeurs"},"content":{"rendered":"<p>Gr\u00e2ce \u00e0 notre plateforme de commercialisation internationale et \u00e0 notre positionnement de marque distingu\u00e9, nous maximisons le potentiel retour de la vente de votre r\u00e9sidence.<\/p>","protected":false},"excerpt":{"rendered":"<p>Gr\u00e2ce \u00e0 notre plateforme de commercialisation internationale et \u00e0 notre positionnement de marque distingu\u00e9, nous maximisons le potentiel retour de la vente de votre r\u00e9sidence.<\/p>\n","protected":false},"author":2,"featured_media":0,"parent":0,"menu_order":0,"comment_status":"closed","ping_status":"closed","template":"sellers.php","meta":{"_acf_changed":false,"footnotes":""},"class_list":["post-138","page","type-page","status-publish","hentry"],"acf":[],"yoast_head":"<!-- This site is optimized with the Yoast SEO plugin v26.9 - https:\/\/yoast.com\/product\/yoast-seo-wordpress\/ -->\n<title>Vendeurs - Jennifer Vienneau - Courtier immobilier<\/title>\n<meta name=\"description\" content=\"With our global marketing platform and distinguished brand positioning, we maximize the potential return from the sale of your home\" \/>\n<meta name=\"robots\" content=\"index, follow, max-snippet:-1, max-image-preview:large, max-video-preview:-1\" \/>\n<link rel=\"canonical\" href=\"https:\/\/jennifervienneau.com\/fr\/sellers\/\" \/>\n<meta property=\"og:locale\" content=\"fr_FR\" \/>\n<meta property=\"og:type\" content=\"article\" \/>\n<meta property=\"og:title\" content=\"Vendeurs - Jennifer Vienneau - Courtier immobilier\" \/>\n<meta property=\"og:description\" content=\"With our global marketing platform and distinguished brand positioning, we maximize the potential return from the sale of your home\" \/>\n<meta property=\"og:url\" content=\"https:\/\/jennifervienneau.com\/fr\/sellers\/\" \/>\n<meta property=\"og:site_name\" content=\"Jennifer Vienneau - Courtier immobilier\" \/>\n<meta property=\"article:modified_time\" content=\"2023-05-26T01:26:52+00:00\" \/>\n<meta name=\"twitter:card\" content=\"summary_large_image\" \/>\n<meta name=\"twitter:label1\" content=\"Dur\u00e9e de lecture estim\u00e9e\" \/>\n\t<meta name=\"twitter:data1\" content=\"1 minute\" \/>\n<script type=\"application\/ld+json\" class=\"yoast-schema-graph\">{\"@context\":\"https:\/\/schema.org\",\"@graph\":[{\"@type\":\"WebPage\",\"@id\":\"https:\/\/jennifervienneau.com\/fr\/sellers\/\",\"url\":\"https:\/\/jennifervienneau.com\/fr\/sellers\/\",\"name\":\"Vendeurs - Jennifer Vienneau - Courtier immobilier\",\"isPartOf\":{\"@id\":\"https:\/\/jennifervienneau.com\/fr\/#website\"},\"datePublished\":\"2021-02-11T01:46:31+00:00\",\"dateModified\":\"2023-05-26T01:26:52+00:00\",\"description\":\"With our global marketing platform and distinguished brand positioning, we maximize the potential return from the sale of your home\",\"inLanguage\":\"fr-FR\",\"potentialAction\":[{\"@type\":\"ReadAction\",\"target\":[[\"https:\/\/jennifervienneau.com\/fr\/sellers\/\"]]}]},{\"@type\":\"WebSite\",\"@id\":\"https:\/\/jennifervienneau.com\/fr\/#website\",\"url\":\"https:\/\/jennifervienneau.com\/fr\/\",\"name\":\"Jennifer Vienneau - Courtier immobilier\",\"description\":\"\",\"potentialAction\":[{\"@type\":\"SearchAction\",\"target\":{\"@type\":\"EntryPoint\",\"urlTemplate\":\"https:\/\/jennifervienneau.com\/fr\/?s={search_term_string}\"},\"query-input\":{\"@type\":\"PropertyValueSpecification\",\"valueRequired\":true,\"valueName\":\"search_term_string\"}}],\"inLanguage\":\"fr-FR\"}]}<\/script>\n<!-- \/ Yoast SEO plugin. -->","yoast_head_json":{"title":"Vendeurs - Jennifer Vienneau - Courtier immobilier","description":"With our global marketing platform and distinguished brand positioning, we maximize the potential return from the sale of your home","robots":{"index":"index","follow":"follow","max-snippet":"max-snippet:-1","max-image-preview":"max-image-preview:large","max-video-preview":"max-video-preview:-1"},"canonical":"https:\/\/jennifervienneau.com\/fr\/sellers\/","og_locale":"fr_FR","og_type":"article","og_title":"Vendeurs - Jennifer Vienneau - Courtier immobilier","og_description":"With our global marketing platform and distinguished brand positioning, we maximize the potential return from the sale of your home","og_url":"https:\/\/jennifervienneau.com\/fr\/sellers\/","og_site_name":"Jennifer Vienneau - Courtier immobilier","article_modified_time":"2023-05-26T01:26:52+00:00","twitter_card":"summary_large_image","twitter_misc":{"Dur\u00e9e de lecture estim\u00e9e":"1 minute"},"schema":{"@context":"https:\/\/schema.org","@graph":[{"@type":"WebPage","@id":"https:\/\/jennifervienneau.com\/fr\/sellers\/","url":"https:\/\/jennifervienneau.com\/fr\/sellers\/","name":"Vendeurs - Jennifer Vienneau - Courtier immobilier","isPartOf":{"@id":"https:\/\/jennifervienneau.com\/fr\/#website"},"datePublished":"2021-02-11T01:46:31+00:00","dateModified":"2023-05-26T01:26:52+00:00","description":"With our global marketing platform and distinguished brand positioning, we maximize the potential return from the sale of your home","inLanguage":"fr-FR","potentialAction":[{"@type":"ReadAction","target":[["https:\/\/jennifervienneau.com\/fr\/sellers\/"]]}]},{"@type":"WebSite","@id":"https:\/\/jennifervienneau.com\/fr\/#website","url":"https:\/\/jennifervienneau.com\/fr\/","name":"Jennifer Vienneau - Courtier immobilier","description":"","potentialAction":[{"@type":"SearchAction","target":{"@type":"EntryPoint","urlTemplate":"https:\/\/jennifervienneau.com\/fr\/?s={search_term_string}"},"query-input":{"@type":"PropertyValueSpecification","valueRequired":true,"valueName":"search_term_string"}}],"inLanguage":"fr-FR"}]}},"_links":{"self":[{"href":"https:\/\/jennifervienneau.com\/fr\/wp-json\/wp\/v2\/pages\/138","targetHints":{"allow":["GET"]}}],"collection":[{"href":"https:\/\/jennifervienneau.com\/fr\/wp-json\/wp\/v2\/pages"}],"about":[{"href":"https:\/\/jennifervienneau.com\/fr\/wp-json\/wp\/v2\/types\/page"}],"author":[{"embeddable":true,"href":"https:\/\/jennifervienneau.com\/fr\/wp-json\/wp\/v2\/users\/2"}],"replies":[{"embeddable":true,"href":"https:\/\/jennifervienneau.com\/fr\/wp-json\/wp\/v2\/comments?post=138"}],"version-history":[{"count":11,"href":"https:\/\/jennifervienneau.com\/fr\/wp-json\/wp\/v2\/pages\/138\/revisions"}],"predecessor-version":[{"id":224,"href":"https:\/\/jennifervienneau.com\/fr\/wp-json\/wp\/v2\/pages\/138\/revisions\/224"}],"wp:attachment":[{"href":"https:\/\/jennifervienneau.com\/fr\/wp-json\/wp\/v2\/media?parent=138"}],"curies":[{"name":"wp","href":"https:\/\/api.w.org\/{rel}","templated":true}]}}