{"id":14,"date":"2021-01-21T09:31:45","date_gmt":"2021-01-21T14:31:45","guid":{"rendered":"https:\/\/jennifervienneau.com\/en\/?page_id=14"},"modified":"2023-05-25T21:27:52","modified_gmt":"2023-05-26T01:27:52","slug":"active-listings","status":"publish","type":"page","link":"https:\/\/jennifervienneau.com\/fr\/proprietes-a-vendre\/","title":{"rendered":"Propri\u00e9t\u00e9s \u00e0 vendre"},"content":{"rendered":"","protected":false},"excerpt":{"rendered":"","protected":false},"author":2,"featured_media":57,"parent":0,"menu_order":0,"comment_status":"closed","ping_status":"closed","template":"properties.php","meta":{"_acf_changed":false,"footnotes":""},"class_list":["post-14","page","type-page","status-publish","has-post-thumbnail","hentry"],"acf":[],"yoast_head":"<!-- This site is optimized with the Yoast SEO plugin v26.9 - https:\/\/yoast.com\/product\/yoast-seo-wordpress\/ -->\n<title>Propri\u00e9t\u00e9s \u00e0 vendre - Jennifer Vienneau - Courtier immobilier<\/title>\n<meta name=\"robots\" content=\"index, follow, max-snippet:-1, max-image-preview:large, max-video-preview:-1\" \/>\n<link rel=\"canonical\" href=\"https:\/\/jennifervienneau.com\/fr\/properties-for-sale\/\" \/>\n<meta property=\"og:locale\" content=\"fr_FR\" \/>\n<meta property=\"og:type\" content=\"article\" \/>\n<meta property=\"og:title\" content=\"Propri\u00e9t\u00e9s \u00e0 vendre - Jennifer Vienneau - Courtier immobilier\" \/>\n<meta property=\"og:url\" content=\"https:\/\/jennifervienneau.com\/fr\/properties-for-sale\/\" \/>\n<meta property=\"og:site_name\" content=\"Jennifer Vienneau - Courtier immobilier\" \/>\n<meta property=\"article:modified_time\" content=\"2023-05-26T01:27:52+00:00\" \/>\n<meta property=\"og:image\" content=\"https:\/\/jennifervienneau.com\/wp-content\/uploads\/2021\/02\/bg-01-1920x795-2.jpg\" \/>\n\t<meta property=\"og:image:width\" content=\"1920\" \/>\n\t<meta property=\"og:image:height\" content=\"795\" \/>\n\t<meta property=\"og:image:type\" content=\"image\/jpeg\" \/>\n<meta name=\"twitter:card\" content=\"summary_large_image\" \/>\n<script type=\"application\/ld+json\" class=\"yoast-schema-graph\">{\"@context\":\"https:\/\/schema.org\",\"@graph\":[{\"@type\":\"WebPage\",\"@id\":\"https:\/\/jennifervienneau.com\/fr\/properties-for-sale\/\",\"url\":\"https:\/\/jennifervienneau.com\/fr\/properties-for-sale\/\",\"name\":\"Propri\u00e9t\u00e9s \u00e0 vendre - Jennifer Vienneau - Courtier immobilier\",\"isPartOf\":{\"@id\":\"https:\/\/jennifervienneau.com\/fr\/#website\"},\"primaryImageOfPage\":{\"@id\":\"https:\/\/jennifervienneau.com\/fr\/properties-for-sale\/#primaryimage\"},\"image\":{\"@id\":\"https:\/\/jennifervienneau.com\/en\/properties-for-sale\/#primaryimage\"},\"thumbnailUrl\":\"https:\/\/jennifervienneau.com\/wp-content\/uploads\/2021\/02\/bg-01-1920x795-2.jpg\",\"datePublished\":\"2021-01-21T14:31:45+00:00\",\"dateModified\":\"2023-05-26T01:27:52+00:00\",\"inLanguage\":\"fr-FR\",\"potentialAction\":[{\"@type\":\"ReadAction\",\"target\":[[\"https:\/\/jennifervienneau.com\/fr\/properties-for-sale\/\"]]}]},{\"@type\":\"ImageObject\",\"inLanguage\":\"fr-FR\",\"@id\":\"https:\/\/jennifervienneau.com\/fr\/properties-for-sale\/#primaryimage\",\"url\":\"https:\/\/jennifervienneau.com\/wp-content\/uploads\/2021\/02\/bg-01-1920x795-2.jpg\",\"contentUrl\":\"https:\/\/jennifervienneau.com\/wp-content\/uploads\/2021\/02\/bg-01-1920x795-2.jpg\",\"width\":1920,\"height\":795},{\"@type\":\"WebSite\",\"@id\":\"https:\/\/jennifervienneau.com\/fr\/#website\",\"url\":\"https:\/\/jennifervienneau.com\/fr\/\",\"name\":\"Jennifer Vienneau - Courtier immobilier\",\"description\":\"\",\"potentialAction\":[{\"@type\":\"SearchAction\",\"target\":{\"@type\":\"EntryPoint\",\"urlTemplate\":\"https:\/\/jennifervienneau.com\/fr\/?s={search_term_string}\"},\"query-input\":{\"@type\":\"PropertyValueSpecification\",\"valueRequired\":true,\"valueName\":\"search_term_string\"}}],\"inLanguage\":\"fr-FR\"}]}<\/script>\n<!-- \/ Yoast SEO plugin. -->","yoast_head_json":{"title":"Propri\u00e9t\u00e9s \u00e0 vendre - Jennifer Vienneau - Courtier immobilier","robots":{"index":"index","follow":"follow","max-snippet":"max-snippet:-1","max-image-preview":"max-image-preview:large","max-video-preview":"max-video-preview:-1"},"canonical":"https:\/\/jennifervienneau.com\/fr\/properties-for-sale\/","og_locale":"fr_FR","og_type":"article","og_title":"Propri\u00e9t\u00e9s \u00e0 vendre - Jennifer Vienneau - Courtier immobilier","og_url":"https:\/\/jennifervienneau.com\/fr\/properties-for-sale\/","og_site_name":"Jennifer Vienneau - Courtier immobilier","article_modified_time":"2023-05-26T01:27:52+00:00","og_image":[{"width":1920,"height":795,"url":"https:\/\/jennifervienneau.com\/wp-content\/uploads\/2021\/02\/bg-01-1920x795-2.jpg","type":"image\/jpeg"}],"twitter_card":"summary_large_image","schema":{"@context":"https:\/\/schema.org","@graph":[{"@type":"WebPage","@id":"https:\/\/jennifervienneau.com\/fr\/properties-for-sale\/","url":"https:\/\/jennifervienneau.com\/fr\/properties-for-sale\/","name":"Propri\u00e9t\u00e9s \u00e0 vendre - Jennifer Vienneau - Courtier immobilier","isPartOf":{"@id":"https:\/\/jennifervienneau.com\/fr\/#website"},"primaryImageOfPage":{"@id":"https:\/\/jennifervienneau.com\/fr\/properties-for-sale\/#primaryimage"},"image":{"@id":"https:\/\/jennifervienneau.com\/en\/properties-for-sale\/#primaryimage"},"thumbnailUrl":"https:\/\/jennifervienneau.com\/wp-content\/uploads\/2021\/02\/bg-01-1920x795-2.jpg","datePublished":"2021-01-21T14:31:45+00:00","dateModified":"2023-05-26T01:27:52+00:00","inLanguage":"fr-FR","potentialAction":[{"@type":"ReadAction","target":[["https:\/\/jennifervienneau.com\/fr\/properties-for-sale\/"]]}]},{"@type":"ImageObject","inLanguage":"fr-FR","@id":"https:\/\/jennifervienneau.com\/fr\/properties-for-sale\/#primaryimage","url":"https:\/\/jennifervienneau.com\/wp-content\/uploads\/2021\/02\/bg-01-1920x795-2.jpg","contentUrl":"https:\/\/jennifervienneau.com\/wp-content\/uploads\/2021\/02\/bg-01-1920x795-2.jpg","width":1920,"height":795},{"@type":"WebSite","@id":"https:\/\/jennifervienneau.com\/fr\/#website","url":"https:\/\/jennifervienneau.com\/fr\/","name":"Jennifer Vienneau - Courtier immobilier","description":"","potentialAction":[{"@type":"SearchAction","target":{"@type":"EntryPoint","urlTemplate":"https:\/\/jennifervienneau.com\/fr\/?s={search_term_string}"},"query-input":{"@type":"PropertyValueSpecification","valueRequired":true,"valueName":"search_term_string"}}],"inLanguage":"fr-FR"}]}},"_links":{"self":[{"href":"https:\/\/jennifervienneau.com\/fr\/wp-json\/wp\/v2\/pages\/14","targetHints":{"allow":["GET"]}}],"collection":[{"href":"https:\/\/jennifervienneau.com\/fr\/wp-json\/wp\/v2\/pages"}],"about":[{"href":"https:\/\/jennifervienneau.com\/fr\/wp-json\/wp\/v2\/types\/page"}],"author":[{"embeddable":true,"href":"https:\/\/jennifervienneau.com\/fr\/wp-json\/wp\/v2\/users\/2"}],"replies":[{"embeddable":true,"href":"https:\/\/jennifervienneau.com\/fr\/wp-json\/wp\/v2\/comments?post=14"}],"version-history":[{"count":2,"href":"https:\/\/jennifervienneau.com\/fr\/wp-json\/wp\/v2\/pages\/14\/revisions"}],"predecessor-version":[{"id":276,"href":"https:\/\/jennifervienneau.com\/fr\/wp-json\/wp\/v2\/pages\/14\/revisions\/276"}],"wp:featuredmedia":[{"embeddable":true,"href":"https:\/\/jennifervienneau.com\/fr\/wp-json\/wp\/v2\/media\/57"}],"wp:attachment":[{"href":"https:\/\/jennifervienneau.com\/fr\/wp-json\/wp\/v2\/media?parent=14"}],"curies":[{"name":"wp","href":"https:\/\/api.w.org\/{rel}","templated":true}]}}