{"id":20,"date":"2021-01-21T09:33:42","date_gmt":"2021-01-21T14:33:42","guid":{"rendered":"https:\/\/jennifervienneau.com\/en\/?page_id=20"},"modified":"2022-12-08T11:09:53","modified_gmt":"2022-12-08T16:09:53","slug":"property-details","status":"publish","type":"page","link":"https:\/\/jennifervienneau.com\/fr\/property-details\/","title":{"rendered":"D\u00e9tails de la propri\u00e9t\u00e9"},"content":{"rendered":"","protected":false},"excerpt":{"rendered":"","protected":false},"author":2,"featured_media":0,"parent":0,"menu_order":0,"comment_status":"closed","ping_status":"closed","template":"detail.php","meta":{"_acf_changed":false,"footnotes":""},"class_list":["post-20","page","type-page","status-publish","hentry"],"acf":[],"yoast_head":"<!-- This site is optimized with the Yoast SEO plugin v26.9 - https:\/\/yoast.com\/product\/yoast-seo-wordpress\/ -->\n<title>D\u00e9tails de la propri\u00e9t\u00e9 - Jennifer Vienneau - Courtier immobilier<\/title>\n<meta name=\"robots\" content=\"index, follow, max-snippet:-1, max-image-preview:large, max-video-preview:-1\" \/>\n<link rel=\"canonical\" href=\"https:\/\/jennifervienneau.com\/fr\/property-details\/\" \/>\n<meta property=\"og:locale\" content=\"fr_FR\" \/>\n<meta property=\"og:type\" content=\"article\" \/>\n<meta property=\"og:title\" content=\"D\u00e9tails de la propri\u00e9t\u00e9 - Jennifer Vienneau - Courtier immobilier\" \/>\n<meta property=\"og:url\" content=\"https:\/\/jennifervienneau.com\/fr\/property-details\/\" \/>\n<meta property=\"og:site_name\" content=\"Jennifer Vienneau - Courtier immobilier\" \/>\n<meta property=\"article:modified_time\" content=\"2022-12-08T16:09:53+00:00\" \/>\n<meta name=\"twitter:card\" content=\"summary_large_image\" \/>\n<script type=\"application\/ld+json\" class=\"yoast-schema-graph\">{\"@context\":\"https:\/\/schema.org\",\"@graph\":[{\"@type\":\"WebPage\",\"@id\":\"https:\/\/jennifervienneau.com\/fr\/property-details\/\",\"url\":\"https:\/\/jennifervienneau.com\/fr\/property-details\/\",\"name\":\"D\u00e9tails de la propri\u00e9t\u00e9 - Jennifer Vienneau - Courtier immobilier\",\"isPartOf\":{\"@id\":\"https:\/\/jennifervienneau.com\/fr\/#website\"},\"datePublished\":\"2021-01-21T14:33:42+00:00\",\"dateModified\":\"2022-12-08T16:09:53+00:00\",\"inLanguage\":\"fr-FR\",\"potentialAction\":[{\"@type\":\"ReadAction\",\"target\":[[\"https:\/\/jennifervienneau.com\/fr\/property-details\/\"]]}]},{\"@type\":\"WebSite\",\"@id\":\"https:\/\/jennifervienneau.com\/fr\/#website\",\"url\":\"https:\/\/jennifervienneau.com\/fr\/\",\"name\":\"Jennifer Vienneau - Courtier immobilier\",\"description\":\"\",\"potentialAction\":[{\"@type\":\"SearchAction\",\"target\":{\"@type\":\"EntryPoint\",\"urlTemplate\":\"https:\/\/jennifervienneau.com\/fr\/?s={search_term_string}\"},\"query-input\":{\"@type\":\"PropertyValueSpecification\",\"valueRequired\":true,\"valueName\":\"search_term_string\"}}],\"inLanguage\":\"fr-FR\"}]}<\/script>\n<!-- \/ Yoast SEO plugin. -->","yoast_head_json":{"title":"D\u00e9tails de la propri\u00e9t\u00e9 - Jennifer Vienneau - Courtier immobilier","robots":{"index":"index","follow":"follow","max-snippet":"max-snippet:-1","max-image-preview":"max-image-preview:large","max-video-preview":"max-video-preview:-1"},"canonical":"https:\/\/jennifervienneau.com\/fr\/property-details\/","og_locale":"fr_FR","og_type":"article","og_title":"D\u00e9tails de la propri\u00e9t\u00e9 - Jennifer Vienneau - Courtier immobilier","og_url":"https:\/\/jennifervienneau.com\/fr\/property-details\/","og_site_name":"Jennifer Vienneau - Courtier immobilier","article_modified_time":"2022-12-08T16:09:53+00:00","twitter_card":"summary_large_image","schema":{"@context":"https:\/\/schema.org","@graph":[{"@type":"WebPage","@id":"https:\/\/jennifervienneau.com\/fr\/property-details\/","url":"https:\/\/jennifervienneau.com\/fr\/property-details\/","name":"D\u00e9tails de la propri\u00e9t\u00e9 - Jennifer Vienneau - Courtier immobilier","isPartOf":{"@id":"https:\/\/jennifervienneau.com\/fr\/#website"},"datePublished":"2021-01-21T14:33:42+00:00","dateModified":"2022-12-08T16:09:53+00:00","inLanguage":"fr-FR","potentialAction":[{"@type":"ReadAction","target":[["https:\/\/jennifervienneau.com\/fr\/property-details\/"]]}]},{"@type":"WebSite","@id":"https:\/\/jennifervienneau.com\/fr\/#website","url":"https:\/\/jennifervienneau.com\/fr\/","name":"Jennifer Vienneau - Courtier immobilier","description":"","potentialAction":[{"@type":"SearchAction","target":{"@type":"EntryPoint","urlTemplate":"https:\/\/jennifervienneau.com\/fr\/?s={search_term_string}"},"query-input":{"@type":"PropertyValueSpecification","valueRequired":true,"valueName":"search_term_string"}}],"inLanguage":"fr-FR"}]}},"_links":{"self":[{"href":"https:\/\/jennifervienneau.com\/fr\/wp-json\/wp\/v2\/pages\/20","targetHints":{"allow":["GET"]}}],"collection":[{"href":"https:\/\/jennifervienneau.com\/fr\/wp-json\/wp\/v2\/pages"}],"about":[{"href":"https:\/\/jennifervienneau.com\/fr\/wp-json\/wp\/v2\/types\/page"}],"author":[{"embeddable":true,"href":"https:\/\/jennifervienneau.com\/fr\/wp-json\/wp\/v2\/users\/2"}],"replies":[{"embeddable":true,"href":"https:\/\/jennifervienneau.com\/fr\/wp-json\/wp\/v2\/comments?post=20"}],"version-history":[{"count":5,"href":"https:\/\/jennifervienneau.com\/fr\/wp-json\/wp\/v2\/pages\/20\/revisions"}],"predecessor-version":[{"id":314,"href":"https:\/\/jennifervienneau.com\/fr\/wp-json\/wp\/v2\/pages\/20\/revisions\/314"}],"wp:attachment":[{"href":"https:\/\/jennifervienneau.com\/fr\/wp-json\/wp\/v2\/media?parent=20"}],"curies":[{"name":"wp","href":"https:\/\/api.w.org\/{rel}","templated":true}]}}