{"id":22,"date":"2021-01-21T09:34:07","date_gmt":"2021-01-21T14:34:07","guid":{"rendered":"https:\/\/jennifervienneau.com\/en\/?page_id=22"},"modified":"2023-05-25T21:27:25","modified_gmt":"2023-05-26T01:27:25","slug":"sothebys","status":"publish","type":"page","link":"https:\/\/jennifervienneau.com\/fr\/sothebys-international-realty-quebec\/","title":{"rendered":"Sotheby\u2019s International Realty Qu\u00e9bec"},"content":{"rendered":"<p>Le luxe n\u2019est pas une question de prix, c\u2019est une exp\u00e9rience. Chez Sotheby\u2019s International Realty Canada, notre engagement est in\u00e9branlable : nous fournissons un marketing et des services exemplaires \u00e0 chacun de nos clients, peu importe la gamme de prix de la propri\u00e9t\u00e9 et le quartier o\u00f9 elle est situ\u00e9e.Le luxe n\u2019est pas une question de prix, c\u2019est une exp\u00e9rience. Chez Sotheby\u2019s International Realty Canada, notre engagement est in\u00e9branlable : nous fournissons un marketing et des services exemplaires \u00e0 chacun de nos clients, peu importe la gamme de prix de la propri\u00e9t\u00e9 et le quartier o\u00f9 elle est situ\u00e9e.<\/p>","protected":false},"excerpt":{"rendered":"<p>Le luxe n\u2019est pas une question de prix, c\u2019est une exp\u00e9rience. Chez Sotheby\u2019s International Realty Canada, notre engagement est in\u00e9branlable : nous fournissons un marketing et des services exemplaires \u00e0 chacun de nos clients, peu importe la gamme de prix de la propri\u00e9t\u00e9 et le quartier o\u00f9 elle est situ\u00e9e.Le luxe n\u2019est pas une question [&hellip;]<\/p>\n","protected":false},"author":2,"featured_media":59,"parent":0,"menu_order":0,"comment_status":"closed","ping_status":"closed","template":"sothebys.php","meta":{"_acf_changed":false,"footnotes":""},"class_list":["post-22","page","type-page","status-publish","has-post-thumbnail","hentry"],"acf":[],"yoast_head":"<!-- This site is optimized with the Yoast SEO plugin v26.9 - https:\/\/yoast.com\/product\/yoast-seo-wordpress\/ -->\n<title>Sotheby\u2019s International Realty Qu\u00e9bec - Jennifer Vienneau - Courtier immobilier<\/title>\n<meta name=\"robots\" content=\"index, follow, max-snippet:-1, max-image-preview:large, max-video-preview:-1\" \/>\n<link rel=\"canonical\" href=\"https:\/\/jennifervienneau.com\/fr\/sothebys-international-realty-quebec\/\" \/>\n<meta property=\"og:locale\" content=\"fr_FR\" \/>\n<meta property=\"og:type\" content=\"article\" \/>\n<meta property=\"og:title\" content=\"Sotheby\u2019s International Realty Qu\u00e9bec - Jennifer Vienneau - Courtier immobilier\" \/>\n<meta property=\"og:description\" content=\"Le luxe n\u2019est pas une question de prix, c\u2019est une exp\u00e9rience. Chez Sotheby\u2019s International Realty Canada, notre engagement est in\u00e9branlable : nous fournissons un marketing et des services exemplaires \u00e0 chacun de nos clients, peu importe la gamme de prix de la propri\u00e9t\u00e9 et le quartier o\u00f9 elle est situ\u00e9e.Le luxe n\u2019est pas une question [&hellip;]\" \/>\n<meta property=\"og:url\" content=\"https:\/\/jennifervienneau.com\/fr\/sothebys-international-realty-quebec\/\" \/>\n<meta property=\"og:site_name\" content=\"Jennifer Vienneau - Courtier immobilier\" \/>\n<meta property=\"article:modified_time\" content=\"2023-05-26T01:27:25+00:00\" \/>\n<meta property=\"og:image\" content=\"https:\/\/jennifervienneau.com\/wp-content\/uploads\/2021\/02\/1551811083_0.jpg\" \/>\n\t<meta property=\"og:image:width\" content=\"1050\" \/>\n\t<meta property=\"og:image:height\" content=\"600\" \/>\n\t<meta property=\"og:image:type\" content=\"image\/jpeg\" \/>\n<meta name=\"twitter:card\" content=\"summary_large_image\" \/>\n<meta name=\"twitter:label1\" content=\"Dur\u00e9e de lecture estim\u00e9e\" \/>\n\t<meta name=\"twitter:data1\" content=\"3 minutes\" \/>\n<script type=\"application\/ld+json\" class=\"yoast-schema-graph\">{\"@context\":\"https:\/\/schema.org\",\"@graph\":[{\"@type\":\"WebPage\",\"@id\":\"https:\/\/jennifervienneau.com\/fr\/sothebys-international-realty-quebec\/\",\"url\":\"https:\/\/jennifervienneau.com\/fr\/sothebys-international-realty-quebec\/\",\"name\":\"Sotheby\u2019s International Realty Qu\u00e9bec - Jennifer Vienneau - Courtier immobilier\",\"isPartOf\":{\"@id\":\"https:\/\/jennifervienneau.com\/fr\/#website\"},\"primaryImageOfPage\":{\"@id\":\"https:\/\/jennifervienneau.com\/fr\/sothebys-international-realty-quebec\/#primaryimage\"},\"image\":{\"@id\":\"https:\/\/jennifervienneau.com\/en\/sothebys-international-realty-quebec\/#primaryimage\"},\"thumbnailUrl\":\"https:\/\/jennifervienneau.com\/wp-content\/uploads\/2021\/02\/1551811083_0.jpg\",\"datePublished\":\"2021-01-21T14:34:07+00:00\",\"dateModified\":\"2023-05-26T01:27:25+00:00\",\"inLanguage\":\"fr-FR\",\"potentialAction\":[{\"@type\":\"ReadAction\",\"target\":[[\"https:\/\/jennifervienneau.com\/fr\/sothebys-international-realty-quebec\/\"]]}]},{\"@type\":\"ImageObject\",\"inLanguage\":\"fr-FR\",\"@id\":\"https:\/\/jennifervienneau.com\/fr\/sothebys-international-realty-quebec\/#primaryimage\",\"url\":\"https:\/\/jennifervienneau.com\/wp-content\/uploads\/2021\/02\/1551811083_0.jpg\",\"contentUrl\":\"https:\/\/jennifervienneau.com\/wp-content\/uploads\/2021\/02\/1551811083_0.jpg\",\"width\":1050,\"height\":600},{\"@type\":\"WebSite\",\"@id\":\"https:\/\/jennifervienneau.com\/fr\/#website\",\"url\":\"https:\/\/jennifervienneau.com\/fr\/\",\"name\":\"Jennifer Vienneau - Courtier immobilier\",\"description\":\"\",\"potentialAction\":[{\"@type\":\"SearchAction\",\"target\":{\"@type\":\"EntryPoint\",\"urlTemplate\":\"https:\/\/jennifervienneau.com\/fr\/?s={search_term_string}\"},\"query-input\":{\"@type\":\"PropertyValueSpecification\",\"valueRequired\":true,\"valueName\":\"search_term_string\"}}],\"inLanguage\":\"fr-FR\"}]}<\/script>\n<!-- \/ Yoast SEO plugin. -->","yoast_head_json":{"title":"Sotheby\u2019s International Realty Qu\u00e9bec - Jennifer Vienneau - Courtier immobilier","robots":{"index":"index","follow":"follow","max-snippet":"max-snippet:-1","max-image-preview":"max-image-preview:large","max-video-preview":"max-video-preview:-1"},"canonical":"https:\/\/jennifervienneau.com\/fr\/sothebys-international-realty-quebec\/","og_locale":"fr_FR","og_type":"article","og_title":"Sotheby\u2019s International Realty Qu\u00e9bec - Jennifer Vienneau - Courtier immobilier","og_description":"Le luxe n\u2019est pas une question de prix, c\u2019est une exp\u00e9rience. Chez Sotheby\u2019s International Realty Canada, notre engagement est in\u00e9branlable : nous fournissons un marketing et des services exemplaires \u00e0 chacun de nos clients, peu importe la gamme de prix de la propri\u00e9t\u00e9 et le quartier o\u00f9 elle est situ\u00e9e.Le luxe n\u2019est pas une question [&hellip;]","og_url":"https:\/\/jennifervienneau.com\/fr\/sothebys-international-realty-quebec\/","og_site_name":"Jennifer Vienneau - Courtier immobilier","article_modified_time":"2023-05-26T01:27:25+00:00","og_image":[{"width":1050,"height":600,"url":"https:\/\/jennifervienneau.com\/wp-content\/uploads\/2021\/02\/1551811083_0.jpg","type":"image\/jpeg"}],"twitter_card":"summary_large_image","twitter_misc":{"Dur\u00e9e de lecture estim\u00e9e":"3 minutes"},"schema":{"@context":"https:\/\/schema.org","@graph":[{"@type":"WebPage","@id":"https:\/\/jennifervienneau.com\/fr\/sothebys-international-realty-quebec\/","url":"https:\/\/jennifervienneau.com\/fr\/sothebys-international-realty-quebec\/","name":"Sotheby\u2019s International Realty Qu\u00e9bec - Jennifer Vienneau - Courtier immobilier","isPartOf":{"@id":"https:\/\/jennifervienneau.com\/fr\/#website"},"primaryImageOfPage":{"@id":"https:\/\/jennifervienneau.com\/fr\/sothebys-international-realty-quebec\/#primaryimage"},"image":{"@id":"https:\/\/jennifervienneau.com\/en\/sothebys-international-realty-quebec\/#primaryimage"},"thumbnailUrl":"https:\/\/jennifervienneau.com\/wp-content\/uploads\/2021\/02\/1551811083_0.jpg","datePublished":"2021-01-21T14:34:07+00:00","dateModified":"2023-05-26T01:27:25+00:00","inLanguage":"fr-FR","potentialAction":[{"@type":"ReadAction","target":[["https:\/\/jennifervienneau.com\/fr\/sothebys-international-realty-quebec\/"]]}]},{"@type":"ImageObject","inLanguage":"fr-FR","@id":"https:\/\/jennifervienneau.com\/fr\/sothebys-international-realty-quebec\/#primaryimage","url":"https:\/\/jennifervienneau.com\/wp-content\/uploads\/2021\/02\/1551811083_0.jpg","contentUrl":"https:\/\/jennifervienneau.com\/wp-content\/uploads\/2021\/02\/1551811083_0.jpg","width":1050,"height":600},{"@type":"WebSite","@id":"https:\/\/jennifervienneau.com\/fr\/#website","url":"https:\/\/jennifervienneau.com\/fr\/","name":"Jennifer Vienneau - Courtier immobilier","description":"","potentialAction":[{"@type":"SearchAction","target":{"@type":"EntryPoint","urlTemplate":"https:\/\/jennifervienneau.com\/fr\/?s={search_term_string}"},"query-input":{"@type":"PropertyValueSpecification","valueRequired":true,"valueName":"search_term_string"}}],"inLanguage":"fr-FR"}]}},"_links":{"self":[{"href":"https:\/\/jennifervienneau.com\/fr\/wp-json\/wp\/v2\/pages\/22","targetHints":{"allow":["GET"]}}],"collection":[{"href":"https:\/\/jennifervienneau.com\/fr\/wp-json\/wp\/v2\/pages"}],"about":[{"href":"https:\/\/jennifervienneau.com\/fr\/wp-json\/wp\/v2\/types\/page"}],"author":[{"embeddable":true,"href":"https:\/\/jennifervienneau.com\/fr\/wp-json\/wp\/v2\/users\/2"}],"replies":[{"embeddable":true,"href":"https:\/\/jennifervienneau.com\/fr\/wp-json\/wp\/v2\/comments?post=22"}],"version-history":[{"count":9,"href":"https:\/\/jennifervienneau.com\/fr\/wp-json\/wp\/v2\/pages\/22\/revisions"}],"predecessor-version":[{"id":322,"href":"https:\/\/jennifervienneau.com\/fr\/wp-json\/wp\/v2\/pages\/22\/revisions\/322"}],"wp:featuredmedia":[{"embeddable":true,"href":"https:\/\/jennifervienneau.com\/fr\/wp-json\/wp\/v2\/media\/59"}],"wp:attachment":[{"href":"https:\/\/jennifervienneau.com\/fr\/wp-json\/wp\/v2\/media?parent=22"}],"curies":[{"name":"wp","href":"https:\/\/api.w.org\/{rel}","templated":true}]}}