{"id":26,"date":"2021-01-21T09:37:01","date_gmt":"2021-01-21T14:37:01","guid":{"rendered":"https:\/\/jennifervienneau.com\/en\/?page_id=26"},"modified":"2023-05-25T21:30:37","modified_gmt":"2023-05-26T01:30:37","slug":"homepage","status":"publish","type":"page","link":"https:\/\/jennifervienneau.com\/fr\/","title":{"rendered":"Jennifer Vienneau"},"content":{"rendered":"<p>Au cours de ses 18 ann\u00e9es en tant que courtier immobilier, Jennifer a \u00e9t\u00e9 laur\u00e9ate de l\u2019attestation de vendeur \u00e9m\u00e9rite \u00e0 de nombreuses reprises. Elle est membre de l\u2019Organisme d\u2019auto-r\u00e9glementation du courtage immobilier du Qu\u00e9bec (OACIQ) et de la Chambre immobili\u00e8re du Grand Montr\u00e9al (CIGM).<\/p>\n<p>Les ann\u00e9es d\u2019exp\u00e9rience dans l\u2019immobilier de Jennifer lui ont permis de d\u00e9velopper sa forte intuition et sa capacit\u00e9 d\u2019adaptation la rendant ainsi apte \u00e0 g\u00e9rer les situations les plus exigeantes avec habilet\u00e9, tact et discr\u00e9tion.<\/p>\n<p>Elle enchante toujours ses clients gr\u00e2ce \u00e0 ses efforts engag\u00e9s, ses connaissances, sa grande implication, ses ressources et son humour pour r\u00e9gler les probl\u00e8mes qui peuvent survenir lors d\u2019une transaction immobili\u00e8re.<\/p>","protected":false},"excerpt":{"rendered":"<p>Au cours de ses 18 ann\u00e9es en tant que courtier immobilier, Jennifer a \u00e9t\u00e9 laur\u00e9ate de l\u2019attestation de vendeur \u00e9m\u00e9rite \u00e0 de nombreuses reprises. Elle est membre de l\u2019Organisme d\u2019auto-r\u00e9glementation du courtage immobilier du Qu\u00e9bec (OACIQ) et de la Chambre immobili\u00e8re du Grand Montr\u00e9al (CIGM). Les ann\u00e9es d\u2019exp\u00e9rience dans l\u2019immobilier de Jennifer lui ont permis [&hellip;]<\/p>\n","protected":false},"author":2,"featured_media":85,"parent":0,"menu_order":0,"comment_status":"closed","ping_status":"closed","template":"homepage.php","meta":{"_acf_changed":false,"footnotes":""},"class_list":["post-26","page","type-page","status-publish","has-post-thumbnail","hentry"],"acf":[],"yoast_head":"<!-- This site is optimized with the Yoast SEO plugin v26.9 - https:\/\/yoast.com\/product\/yoast-seo-wordpress\/ -->\n<title>Jennifer Vienneau - Courtier immobilier<\/title>\n<meta name=\"robots\" content=\"index, follow, max-snippet:-1, max-image-preview:large, max-video-preview:-1\" \/>\n<link rel=\"canonical\" href=\"https:\/\/jennifervienneau.com\/fr\/\" \/>\n<meta property=\"og:locale\" content=\"fr_FR\" \/>\n<meta property=\"og:type\" content=\"article\" \/>\n<meta property=\"og:title\" content=\"Jennifer Vienneau - Courtier immobilier\" \/>\n<meta property=\"og:description\" content=\"Au cours de ses 18 ann\u00e9es en tant que courtier immobilier, Jennifer a \u00e9t\u00e9 laur\u00e9ate de l\u2019attestation de vendeur \u00e9m\u00e9rite \u00e0 de nombreuses reprises. Elle est membre de l\u2019Organisme d\u2019auto-r\u00e9glementation du courtage immobilier du Qu\u00e9bec (OACIQ) et de la Chambre immobili\u00e8re du Grand Montr\u00e9al (CIGM). Les ann\u00e9es d\u2019exp\u00e9rience dans l\u2019immobilier de Jennifer lui ont permis [&hellip;]\" \/>\n<meta property=\"og:url\" content=\"https:\/\/jennifervienneau.com\/fr\/\" \/>\n<meta property=\"og:site_name\" content=\"Jennifer Vienneau - Courtier immobilier\" \/>\n<meta property=\"article:modified_time\" content=\"2023-05-26T01:30:37+00:00\" \/>\n<meta property=\"og:image\" content=\"https:\/\/jennifervienneau.com\/wp-content\/uploads\/2021\/02\/Jennifer_Vienneau.jpeg\" \/>\n\t<meta property=\"og:image:width\" content=\"300\" \/>\n\t<meta property=\"og:image:height\" content=\"400\" \/>\n\t<meta property=\"og:image:type\" content=\"image\/jpeg\" \/>\n<meta name=\"twitter:card\" content=\"summary_large_image\" \/>\n<meta name=\"twitter:label1\" content=\"Dur\u00e9e de lecture estim\u00e9e\" \/>\n\t<meta name=\"twitter:data1\" content=\"1 minute\" \/>\n<script type=\"application\/ld+json\" class=\"yoast-schema-graph\">{\"@context\":\"https:\/\/schema.org\",\"@graph\":[{\"@type\":\"WebPage\",\"@id\":\"https:\/\/jennifervienneau.com\/fr\/\",\"url\":\"https:\/\/jennifervienneau.com\/fr\/\",\"name\":\"Jennifer Vienneau - Courtier immobilier\",\"isPartOf\":{\"@id\":\"https:\/\/jennifervienneau.com\/fr\/#website\"},\"primaryImageOfPage\":{\"@id\":\"https:\/\/jennifervienneau.com\/fr\/#primaryimage\"},\"image\":{\"@id\":\"https:\/\/jennifervienneau.com\/en\/#primaryimage\"},\"thumbnailUrl\":\"https:\/\/jennifervienneau.com\/wp-content\/uploads\/2021\/02\/Jennifer_Vienneau.jpeg\",\"datePublished\":\"2021-01-21T14:37:01+00:00\",\"dateModified\":\"2023-05-26T01:30:37+00:00\",\"inLanguage\":\"fr-FR\",\"potentialAction\":[{\"@type\":\"ReadAction\",\"target\":[[\"https:\/\/jennifervienneau.com\/fr\/\"]]}]},{\"@type\":\"ImageObject\",\"inLanguage\":\"fr-FR\",\"@id\":\"https:\/\/jennifervienneau.com\/fr\/#primaryimage\",\"url\":\"https:\/\/jennifervienneau.com\/wp-content\/uploads\/2021\/02\/Jennifer_Vienneau.jpeg\",\"contentUrl\":\"https:\/\/jennifervienneau.com\/wp-content\/uploads\/2021\/02\/Jennifer_Vienneau.jpeg\",\"width\":300,\"height\":400},{\"@type\":\"WebSite\",\"@id\":\"https:\/\/jennifervienneau.com\/fr\/#website\",\"url\":\"https:\/\/jennifervienneau.com\/fr\/\",\"name\":\"Jennifer Vienneau - Courtier immobilier\",\"description\":\"\",\"potentialAction\":[{\"@type\":\"SearchAction\",\"target\":{\"@type\":\"EntryPoint\",\"urlTemplate\":\"https:\/\/jennifervienneau.com\/fr\/?s={search_term_string}\"},\"query-input\":{\"@type\":\"PropertyValueSpecification\",\"valueRequired\":true,\"valueName\":\"search_term_string\"}}],\"inLanguage\":\"fr-FR\"}]}<\/script>\n<!-- \/ Yoast SEO plugin. -->","yoast_head_json":{"title":"Jennifer Vienneau - Courtier immobilier","robots":{"index":"index","follow":"follow","max-snippet":"max-snippet:-1","max-image-preview":"max-image-preview:large","max-video-preview":"max-video-preview:-1"},"canonical":"https:\/\/jennifervienneau.com\/fr\/","og_locale":"fr_FR","og_type":"article","og_title":"Jennifer Vienneau - Courtier immobilier","og_description":"Au cours de ses 18 ann\u00e9es en tant que courtier immobilier, Jennifer a \u00e9t\u00e9 laur\u00e9ate de l\u2019attestation de vendeur \u00e9m\u00e9rite \u00e0 de nombreuses reprises. Elle est membre de l\u2019Organisme d\u2019auto-r\u00e9glementation du courtage immobilier du Qu\u00e9bec (OACIQ) et de la Chambre immobili\u00e8re du Grand Montr\u00e9al (CIGM). Les ann\u00e9es d\u2019exp\u00e9rience dans l\u2019immobilier de Jennifer lui ont permis [&hellip;]","og_url":"https:\/\/jennifervienneau.com\/fr\/","og_site_name":"Jennifer Vienneau - Courtier immobilier","article_modified_time":"2023-05-26T01:30:37+00:00","og_image":[{"width":300,"height":400,"url":"https:\/\/jennifervienneau.com\/wp-content\/uploads\/2021\/02\/Jennifer_Vienneau.jpeg","type":"image\/jpeg"}],"twitter_card":"summary_large_image","twitter_misc":{"Dur\u00e9e de lecture estim\u00e9e":"1 minute"},"schema":{"@context":"https:\/\/schema.org","@graph":[{"@type":"WebPage","@id":"https:\/\/jennifervienneau.com\/fr\/","url":"https:\/\/jennifervienneau.com\/fr\/","name":"Jennifer Vienneau - Courtier immobilier","isPartOf":{"@id":"https:\/\/jennifervienneau.com\/fr\/#website"},"primaryImageOfPage":{"@id":"https:\/\/jennifervienneau.com\/fr\/#primaryimage"},"image":{"@id":"https:\/\/jennifervienneau.com\/en\/#primaryimage"},"thumbnailUrl":"https:\/\/jennifervienneau.com\/wp-content\/uploads\/2021\/02\/Jennifer_Vienneau.jpeg","datePublished":"2021-01-21T14:37:01+00:00","dateModified":"2023-05-26T01:30:37+00:00","inLanguage":"fr-FR","potentialAction":[{"@type":"ReadAction","target":[["https:\/\/jennifervienneau.com\/fr\/"]]}]},{"@type":"ImageObject","inLanguage":"fr-FR","@id":"https:\/\/jennifervienneau.com\/fr\/#primaryimage","url":"https:\/\/jennifervienneau.com\/wp-content\/uploads\/2021\/02\/Jennifer_Vienneau.jpeg","contentUrl":"https:\/\/jennifervienneau.com\/wp-content\/uploads\/2021\/02\/Jennifer_Vienneau.jpeg","width":300,"height":400},{"@type":"WebSite","@id":"https:\/\/jennifervienneau.com\/fr\/#website","url":"https:\/\/jennifervienneau.com\/fr\/","name":"Jennifer Vienneau - Courtier immobilier","description":"","potentialAction":[{"@type":"SearchAction","target":{"@type":"EntryPoint","urlTemplate":"https:\/\/jennifervienneau.com\/fr\/?s={search_term_string}"},"query-input":{"@type":"PropertyValueSpecification","valueRequired":true,"valueName":"search_term_string"}}],"inLanguage":"fr-FR"}]}},"_links":{"self":[{"href":"https:\/\/jennifervienneau.com\/fr\/wp-json\/wp\/v2\/pages\/26","targetHints":{"allow":["GET"]}}],"collection":[{"href":"https:\/\/jennifervienneau.com\/fr\/wp-json\/wp\/v2\/pages"}],"about":[{"href":"https:\/\/jennifervienneau.com\/fr\/wp-json\/wp\/v2\/types\/page"}],"author":[{"embeddable":true,"href":"https:\/\/jennifervienneau.com\/fr\/wp-json\/wp\/v2\/users\/2"}],"replies":[{"embeddable":true,"href":"https:\/\/jennifervienneau.com\/fr\/wp-json\/wp\/v2\/comments?post=26"}],"version-history":[{"count":18,"href":"https:\/\/jennifervienneau.com\/fr\/wp-json\/wp\/v2\/pages\/26\/revisions"}],"predecessor-version":[{"id":319,"href":"https:\/\/jennifervienneau.com\/fr\/wp-json\/wp\/v2\/pages\/26\/revisions\/319"}],"wp:featuredmedia":[{"embeddable":true,"href":"https:\/\/jennifervienneau.com\/fr\/wp-json\/wp\/v2\/media\/85"}],"wp:attachment":[{"href":"https:\/\/jennifervienneau.com\/fr\/wp-json\/wp\/v2\/media?parent=26"}],"curies":[{"name":"wp","href":"https:\/\/api.w.org\/{rel}","templated":true}]}}