{"id":342,"date":"2025-09-23T21:45:24","date_gmt":"2025-09-24T01:45:24","guid":{"rendered":"https:\/\/jennifervienneau.com\/en\/?page_id=342"},"modified":"2025-09-23T21:56:00","modified_gmt":"2025-09-24T01:56:00","slug":"emilie-khushf","status":"publish","type":"page","link":"https:\/\/jennifervienneau.com\/fr\/a-propos\/emilie-khushf\/","title":{"rendered":"Emilie Khushf"},"content":{"rendered":"<p>\u00c9milie, une jeune courti\u00e8re immobili\u00e8re dynamique et d\u00e9vou\u00e9e, est passionn\u00e9e par l\u2019accompagnement de ses clients dans la recherche de leur propri\u00e9t\u00e9 id\u00e9ale. Dot\u00e9e d\u2019un sens aigu du d\u00e9tail et d\u2019une connaissance approfondie du march\u00e9, elle apporte une perspective nouvelle \u00e0 l\u2019industrie.<\/p>\n<p>Apr\u00e8s avoir obtenu son dipl\u00f4me de la John Molson School of Business avec une majeure en gestion et une mineure en immobilier, son engagement au sein du Concordia Real Estate Club lui a permis de d\u00e9crocher son premier poste en d\u00e9veloppement immobilier. Gr\u00e2ce \u00e0 sa solide expertise en immobilier commercial, ainsi qu\u2019\u00e0 sa ma\u00eetrise des aspects li\u00e9s \u00e0 la construction, au droit et aux finances, elle est en mesure de r\u00e9v\u00e9ler tout le potentiel d\u2019une propri\u00e9t\u00e9.<\/p>\n<p>Suivant les traces de sa m\u00e8re, \u00c9milie a choisi de poursuivre sa carri\u00e8re en tant que courti\u00e8re immobili\u00e8re. Son engagement envers l\u2019excellence, l\u2019int\u00e9grit\u00e9 et l\u2019\u00e9tablissement de relations solides avec ses clients la distingue. Elle allie une d\u00e9termination sans faille, une grande ma\u00eetrise des technologies et une capacit\u00e9 d\u2019adaptation aux \u00e9volutions constantes du march\u00e9 immobilier.<\/p>\n<p>Qu\u2019il s\u2019agisse d\u2019acheteurs novices ou d\u2019investisseurs exp\u00e9riment\u00e9s, \u00c9milie garantit une exp\u00e9rience fluide gr\u00e2ce \u00e0 une \u00e9coute attentive et un service personnalis\u00e9. En dehors du travail, elle aime le ski, le v\u00e9lo et l\u2019exploration de nouveaux lieux\u2014des activit\u00e9s qui nourrissent sa cr\u00e9ativit\u00e9 et affinent son approche strat\u00e9gique de l\u2019immobilier.<\/p>","protected":false},"excerpt":{"rendered":"<p>\u00c9milie, une jeune courti\u00e8re immobili\u00e8re dynamique et d\u00e9vou\u00e9e, est passionn\u00e9e par l\u2019accompagnement de ses clients dans la recherche de leur propri\u00e9t\u00e9 id\u00e9ale. Dot\u00e9e d\u2019un sens aigu du d\u00e9tail et d\u2019une connaissance approfondie du march\u00e9, elle apporte une perspective nouvelle \u00e0 l\u2019industrie. Apr\u00e8s avoir obtenu son dipl\u00f4me de la John Molson School of Business avec une [&hellip;]<\/p>\n","protected":false},"author":1,"featured_media":0,"parent":6,"menu_order":0,"comment_status":"closed","ping_status":"closed","template":"about.php","meta":{"_acf_changed":false,"footnotes":""},"class_list":["post-342","page","type-page","status-publish","hentry"],"acf":[],"yoast_head":"<!-- This site is optimized with the Yoast SEO plugin v26.9 - https:\/\/yoast.com\/product\/yoast-seo-wordpress\/ -->\n<title>Emilie Khushf - Jennifer Vienneau - Courtier immobilier<\/title>\n<meta name=\"robots\" content=\"index, follow, max-snippet:-1, max-image-preview:large, max-video-preview:-1\" \/>\n<link rel=\"canonical\" href=\"https:\/\/jennifervienneau.com\/fr\/about\/emilie-khushf\/\" \/>\n<meta property=\"og:locale\" content=\"fr_FR\" \/>\n<meta property=\"og:type\" content=\"article\" \/>\n<meta property=\"og:title\" content=\"Emilie Khushf - Jennifer Vienneau - Courtier immobilier\" \/>\n<meta property=\"og:description\" content=\"\u00c9milie, une jeune courti\u00e8re immobili\u00e8re dynamique et d\u00e9vou\u00e9e, est passionn\u00e9e par l\u2019accompagnement de ses clients dans la recherche de leur propri\u00e9t\u00e9 id\u00e9ale. Dot\u00e9e d\u2019un sens aigu du d\u00e9tail et d\u2019une connaissance approfondie du march\u00e9, elle apporte une perspective nouvelle \u00e0 l\u2019industrie. Apr\u00e8s avoir obtenu son dipl\u00f4me de la John Molson School of Business avec une [&hellip;]\" \/>\n<meta property=\"og:url\" content=\"https:\/\/jennifervienneau.com\/fr\/about\/emilie-khushf\/\" \/>\n<meta property=\"og:site_name\" content=\"Jennifer Vienneau - Courtier immobilier\" \/>\n<meta property=\"article:modified_time\" content=\"2025-09-24T01:56:00+00:00\" \/>\n<meta name=\"twitter:card\" content=\"summary_large_image\" \/>\n<meta name=\"twitter:label1\" content=\"Dur\u00e9e de lecture estim\u00e9e\" \/>\n\t<meta name=\"twitter:data1\" content=\"1 minute\" \/>\n<script type=\"application\/ld+json\" class=\"yoast-schema-graph\">{\"@context\":\"https:\/\/schema.org\",\"@graph\":[{\"@type\":\"WebPage\",\"@id\":\"https:\/\/jennifervienneau.com\/fr\/about\/emilie-khushf\/\",\"url\":\"https:\/\/jennifervienneau.com\/fr\/about\/emilie-khushf\/\",\"name\":\"Emilie Khushf - Jennifer Vienneau - Courtier immobilier\",\"isPartOf\":{\"@id\":\"https:\/\/jennifervienneau.com\/fr\/#website\"},\"datePublished\":\"2025-09-24T01:45:24+00:00\",\"dateModified\":\"2025-09-24T01:56:00+00:00\",\"breadcrumb\":{\"@id\":\"https:\/\/jennifervienneau.com\/fr\/about\/emilie-khushf\/#breadcrumb\"},\"inLanguage\":\"fr-FR\",\"potentialAction\":[{\"@type\":\"ReadAction\",\"target\":[[\"https:\/\/jennifervienneau.com\/fr\/about\/emilie-khushf\/\"]]}]},{\"@type\":\"BreadcrumbList\",\"@id\":\"https:\/\/jennifervienneau.com\/fr\/about\/emilie-khushf\/#breadcrumb\",\"itemListElement\":[{\"@type\":\"ListItem\",\"position\":1,\"name\":\"About\",\"item\":\"https:\/\/jennifervienneau.com\/fr\/about\/\"},{\"@type\":\"ListItem\",\"position\":2,\"name\":\"Emilie Khushf\"}]},{\"@type\":\"WebSite\",\"@id\":\"https:\/\/jennifervienneau.com\/fr\/#website\",\"url\":\"https:\/\/jennifervienneau.com\/fr\/\",\"name\":\"Jennifer Vienneau - Courtier immobilier\",\"description\":\"\",\"potentialAction\":[{\"@type\":\"SearchAction\",\"target\":{\"@type\":\"EntryPoint\",\"urlTemplate\":\"https:\/\/jennifervienneau.com\/fr\/?s={search_term_string}\"},\"query-input\":{\"@type\":\"PropertyValueSpecification\",\"valueRequired\":true,\"valueName\":\"search_term_string\"}}],\"inLanguage\":\"fr-FR\"}]}<\/script>\n<!-- \/ Yoast SEO plugin. -->","yoast_head_json":{"title":"Emilie Khushf - Jennifer Vienneau - Courtier immobilier","robots":{"index":"index","follow":"follow","max-snippet":"max-snippet:-1","max-image-preview":"max-image-preview:large","max-video-preview":"max-video-preview:-1"},"canonical":"https:\/\/jennifervienneau.com\/fr\/about\/emilie-khushf\/","og_locale":"fr_FR","og_type":"article","og_title":"Emilie Khushf - Jennifer Vienneau - Courtier immobilier","og_description":"\u00c9milie, une jeune courti\u00e8re immobili\u00e8re dynamique et d\u00e9vou\u00e9e, est passionn\u00e9e par l\u2019accompagnement de ses clients dans la recherche de leur propri\u00e9t\u00e9 id\u00e9ale. Dot\u00e9e d\u2019un sens aigu du d\u00e9tail et d\u2019une connaissance approfondie du march\u00e9, elle apporte une perspective nouvelle \u00e0 l\u2019industrie. Apr\u00e8s avoir obtenu son dipl\u00f4me de la John Molson School of Business avec une [&hellip;]","og_url":"https:\/\/jennifervienneau.com\/fr\/about\/emilie-khushf\/","og_site_name":"Jennifer Vienneau - Courtier immobilier","article_modified_time":"2025-09-24T01:56:00+00:00","twitter_card":"summary_large_image","twitter_misc":{"Dur\u00e9e de lecture estim\u00e9e":"1 minute"},"schema":{"@context":"https:\/\/schema.org","@graph":[{"@type":"WebPage","@id":"https:\/\/jennifervienneau.com\/fr\/about\/emilie-khushf\/","url":"https:\/\/jennifervienneau.com\/fr\/about\/emilie-khushf\/","name":"Emilie Khushf - Jennifer Vienneau - Courtier immobilier","isPartOf":{"@id":"https:\/\/jennifervienneau.com\/fr\/#website"},"datePublished":"2025-09-24T01:45:24+00:00","dateModified":"2025-09-24T01:56:00+00:00","breadcrumb":{"@id":"https:\/\/jennifervienneau.com\/fr\/about\/emilie-khushf\/#breadcrumb"},"inLanguage":"fr-FR","potentialAction":[{"@type":"ReadAction","target":[["https:\/\/jennifervienneau.com\/fr\/about\/emilie-khushf\/"]]}]},{"@type":"BreadcrumbList","@id":"https:\/\/jennifervienneau.com\/fr\/about\/emilie-khushf\/#breadcrumb","itemListElement":[{"@type":"ListItem","position":1,"name":"About","item":"https:\/\/jennifervienneau.com\/fr\/about\/"},{"@type":"ListItem","position":2,"name":"Emilie Khushf"}]},{"@type":"WebSite","@id":"https:\/\/jennifervienneau.com\/fr\/#website","url":"https:\/\/jennifervienneau.com\/fr\/","name":"Jennifer Vienneau - Courtier immobilier","description":"","potentialAction":[{"@type":"SearchAction","target":{"@type":"EntryPoint","urlTemplate":"https:\/\/jennifervienneau.com\/fr\/?s={search_term_string}"},"query-input":{"@type":"PropertyValueSpecification","valueRequired":true,"valueName":"search_term_string"}}],"inLanguage":"fr-FR"}]}},"_links":{"self":[{"href":"https:\/\/jennifervienneau.com\/fr\/wp-json\/wp\/v2\/pages\/342","targetHints":{"allow":["GET"]}}],"collection":[{"href":"https:\/\/jennifervienneau.com\/fr\/wp-json\/wp\/v2\/pages"}],"about":[{"href":"https:\/\/jennifervienneau.com\/fr\/wp-json\/wp\/v2\/types\/page"}],"author":[{"embeddable":true,"href":"https:\/\/jennifervienneau.com\/fr\/wp-json\/wp\/v2\/users\/1"}],"replies":[{"embeddable":true,"href":"https:\/\/jennifervienneau.com\/fr\/wp-json\/wp\/v2\/comments?post=342"}],"version-history":[{"count":5,"href":"https:\/\/jennifervienneau.com\/fr\/wp-json\/wp\/v2\/pages\/342\/revisions"}],"predecessor-version":[{"id":350,"href":"https:\/\/jennifervienneau.com\/fr\/wp-json\/wp\/v2\/pages\/342\/revisions\/350"}],"up":[{"embeddable":true,"href":"https:\/\/jennifervienneau.com\/fr\/wp-json\/wp\/v2\/pages\/6"}],"wp:attachment":[{"href":"https:\/\/jennifervienneau.com\/fr\/wp-json\/wp\/v2\/media?parent=342"}],"curies":[{"name":"wp","href":"https:\/\/api.w.org\/{rel}","templated":true}]}}